{"id":2,"date":"2023-10-10T18:51:55","date_gmt":"2023-10-10T18:51:55","guid":{"rendered":"https:\/\/alt-om-amager.dk\/?page_id=2"},"modified":"2023-11-02T17:35:15","modified_gmt":"2023-11-02T17:35:15","slug":"sample-page","status":"publish","type":"page","link":"https:\/\/alt-om-amager.dk\/","title":{"rendered":"K\u00e6re beboer!"},"content":{"rendered":"\n<p class=\"has-text-align-left\">Dato: 02-11-2023<br><br>Projektgruppen havde et opf\u00f8lgningsm\u00f8de med advokat Peter Skr\u00f8der Jacobsen den 01.11.2023 kl. 17:00 hos LokalBolig.<br><br>Over 90% af lejerne er interesseret i at danne en andelsboligforening og dermed at k\u00f8be en andel. Det er meget flot.<br><br>NYKREDIT er ved at beregne et l\u00e5neoverslag men har behov for at vide om du:<br><br>* har r\u00e5d til at betale et kontant indskud<br>* har r\u00e5d til at betale mere per m\u00e5ned end du g\u00f8r nu<br><br>N\u00e5r vi har modtaget dine oplysninger har advokaten oplyst, at vi <strong>medio kommende uge<\/strong> endelig f\u00e5r konkrete tal p\u00e5 vores finansieringsmulighederne. <br>Det har vi alle ventet sp\u00e6ndt p\u00e5.<br><br>Advokaten oplyser, at vi stadig kan n\u00e5 det selvom vi har en meget stram tidsfrist.<br><br>Udfylder derfor skemaet hurtigst muligt! Tak!<\/p>\n\n\n\n<p class=\"has-text-align-left has-contrast-color has-text-color has-small-font-size\">med venlig hilsen<br>Projektgruppen<br><\/p>\n\n\n\n<p class=\"has-text-align-center has-light-green-cyan-background-color has-background has-small-font-size\">*** <strong>Udfyld venligst formularet inden s\u00f8ndag den 05.11. kl. 23:00<\/strong> ***<br><br><strong>&gt;&gt;&gt; DU BINDER DIG IKKE TIL NOGET VED AT UDFYLDE FORMULARET &lt;&lt;&lt;<\/strong><br><br><strong>&lt;&lt;&lt; ALLE DATA ANONYMISERES! VI SLETTER ALLE DATA OM 10 DAGE &gt;&gt;&gt;<\/strong><\/p>\n\n\n\n<p>Er du i tvivl om noget? Ring til 29 725 725 (Viggo Hinrichsen) eller send en email til andelsbolig@alt-om-amager.dk<br><br>&#8212;&#8212;&#8212;&#8212;&#8212;&#8212;&#8212;&#8212;&#8212;-<\/p>\n\n\n\n<div class=\"wp-block-group has-global-padding is-layout-constrained wp-block-group-is-layout-constrained\">\n<div class=\"wpcf7 no-js\" id=\"wpcf7-f31-o1\" lang=\"da-DK\" dir=\"ltr\" data-wpcf7-id=\"31\">\n<div class=\"screen-reader-response\"><p role=\"status\" aria-live=\"polite\" aria-atomic=\"true\"><\/p> <ul><\/ul><\/div>\n<form action=\"\/index.php\/wp-json\/wp\/v2\/pages\/2#wpcf7-f31-o1\" method=\"post\" class=\"wpcf7-form init\" aria-label=\"Kontaktformular\" novalidate=\"novalidate\" data-status=\"init\">\n<fieldset class=\"hidden-fields-container\"><input type=\"hidden\" name=\"_wpcf7\" value=\"31\" \/><input type=\"hidden\" name=\"_wpcf7_version\" value=\"6.1.5\" \/><input type=\"hidden\" name=\"_wpcf7_locale\" value=\"da_DK\" \/><input type=\"hidden\" name=\"_wpcf7_unit_tag\" value=\"wpcf7-f31-o1\" \/><input type=\"hidden\" name=\"_wpcf7_container_post\" value=\"0\" \/><input type=\"hidden\" name=\"_wpcf7_posted_data_hash\" value=\"\" \/><input type=\"hidden\" name=\"_wpcf7_recaptcha_response\" value=\"\" \/>\n<\/fieldset>\n<div style=\"width:100%;\">\n\t<div>\n\t\t<p>SP\u00d8RGSM\u00c5L 1\n\t\t<\/p>\n\t<\/div>\n\t<div style=\"color:blue;\">\n\t\t<h3>V\u00e6lg det <strong>h\u00f8jeste<\/strong> bel\u00f8b du <i>regner<\/i> med at kunne betale i indskud.\n\t\t<\/h3>\n\t<\/div>\n\t<div style=\"font-size: smaller;\">\n\t\t<p>1. Tilbagebetaling af depositum og den indvendige vedligeholdelseskonto er IKKE iberegnet. Det skal alts\u00e5 v\u00e6re et bel\u00f8b du regner med at kunne fremskaffe (kontant \/ bankl\u00e5n \/ familie mv. osv.) ud over de penge du f\u00e5r tilbage fra DKE.\n\t\t<\/p>\n\t<\/div>\n\t<div style=\"font-size: smaller;\">\n\t\t<p>2. Des h\u00f8jere indskud der betales des lavere bliver den m\u00e5nedlige ydelse.\n\t\t<\/p>\n\t<\/div>\n\t<div>\n\t\t<p>Jeg regner med at kunne yde f\u00f8lgende bel\u00f8b som kontantbetaling:\n\t\t<\/p>\n\t<\/div>\n\t<div style=\"width:100%;\">\n\t\t<p><span class=\"wpcf7-form-control-wrap\" data-name=\"Indskud\"><span class=\"wpcf7-form-control wpcf7-radio\"><span class=\"wpcf7-list-item first\"><label><input type=\"radio\" name=\"Indskud\" value=\"0\" checked=\"checked\" \/><span class=\"wpcf7-list-item-label\">0<\/span><\/label><\/span><span class=\"wpcf7-list-item\"><label><input type=\"radio\" name=\"Indskud\" value=\"25.000\" \/><span class=\"wpcf7-list-item-label\">25.000<\/span><\/label><\/span><span class=\"wpcf7-list-item\"><label><input type=\"radio\" name=\"Indskud\" value=\"50.000\" \/><span class=\"wpcf7-list-item-label\">50.000<\/span><\/label><\/span><span class=\"wpcf7-list-item\"><label><input type=\"radio\" name=\"Indskud\" value=\"75.000\" \/><span class=\"wpcf7-list-item-label\">75.000<\/span><\/label><\/span><span class=\"wpcf7-list-item\"><label><input type=\"radio\" name=\"Indskud\" value=\"100.000\" \/><span class=\"wpcf7-list-item-label\">100.000<\/span><\/label><\/span><span class=\"wpcf7-list-item\"><label><input type=\"radio\" name=\"Indskud\" value=\"125.000\" \/><span class=\"wpcf7-list-item-label\">125.000<\/span><\/label><\/span><span class=\"wpcf7-list-item\"><label><input type=\"radio\" name=\"Indskud\" value=\"150.000\" \/><span class=\"wpcf7-list-item-label\">150.000<\/span><\/label><\/span><span class=\"wpcf7-list-item\"><label><input type=\"radio\" name=\"Indskud\" value=\"175.000\" \/><span class=\"wpcf7-list-item-label\">175.000<\/span><\/label><\/span><span class=\"wpcf7-list-item\"><label><input type=\"radio\" name=\"Indskud\" value=\"200.000\" \/><span class=\"wpcf7-list-item-label\">200.000<\/span><\/label><\/span><span class=\"wpcf7-list-item\"><label><input type=\"radio\" name=\"Indskud\" value=\"225.000\" \/><span class=\"wpcf7-list-item-label\">225.000<\/span><\/label><\/span><span class=\"wpcf7-list-item\"><label><input type=\"radio\" name=\"Indskud\" value=\"250.000\" \/><span class=\"wpcf7-list-item-label\">250.000<\/span><\/label><\/span><span class=\"wpcf7-list-item\"><label><input type=\"radio\" name=\"Indskud\" value=\"275.000\" \/><span class=\"wpcf7-list-item-label\">275.000<\/span><\/label><\/span><span class=\"wpcf7-list-item\"><label><input type=\"radio\" name=\"Indskud\" value=\"300.000\" \/><span class=\"wpcf7-list-item-label\">300.000<\/span><\/label><\/span><span class=\"wpcf7-list-item\"><label><input type=\"radio\" name=\"Indskud\" value=\"325.000\" \/><span class=\"wpcf7-list-item-label\">325.000<\/span><\/label><\/span><span class=\"wpcf7-list-item\"><label><input type=\"radio\" name=\"Indskud\" value=\"350.000\" \/><span class=\"wpcf7-list-item-label\">350.000<\/span><\/label><\/span><span class=\"wpcf7-list-item\"><label><input type=\"radio\" name=\"Indskud\" value=\"375.000\" \/><span class=\"wpcf7-list-item-label\">375.000<\/span><\/label><\/span><span class=\"wpcf7-list-item\"><label><input type=\"radio\" name=\"Indskud\" value=\"400.000\" \/><span class=\"wpcf7-list-item-label\">400.000<\/span><\/label><\/span><span class=\"wpcf7-list-item\"><label><input type=\"radio\" name=\"Indskud\" value=\"425.000\" \/><span class=\"wpcf7-list-item-label\">425.000<\/span><\/label><\/span><span class=\"wpcf7-list-item\"><label><input type=\"radio\" name=\"Indskud\" value=\"450.000\" \/><span class=\"wpcf7-list-item-label\">450.000<\/span><\/label><\/span><span class=\"wpcf7-list-item\"><label><input type=\"radio\" name=\"Indskud\" value=\"475.000\" \/><span class=\"wpcf7-list-item-label\">475.000<\/span><\/label><\/span><span class=\"wpcf7-list-item last\"><label><input type=\"radio\" name=\"Indskud\" value=\"500.000\" \/><span class=\"wpcf7-list-item-label\">500.000<\/span><\/label><\/span><\/span><\/span>\n\t\t<\/p>\n\t<\/div>\n<hr \/>\n\t<div>\n\t\t<p>SP\u00d8RGSM\u00c5L 2\n\t\t<\/p>\n\t<\/div>\n\t<div>\n\t\t<div style=\"font-size: smaller;\">\n\t\t\t<p>Indast bel\u00f8bet p\u00e5 dit depositum. Du m\u00e5 gerne runde op til n\u00e6rmeste 1000 kr. Du m\u00e5 gerne give et sk\u00f8n hvis du ikke kan huske det pr\u00e6cise bel\u00f8b. Eller lad feltet forblive tomt, s\u00e5 benytter vi de tal vi har f\u00e5et oplyst af DKE.\n\t\t\t<\/p>\n\t\t\t<p><label> Tilgodehavende - depositum i kr.<br \/>\n<span class=\"wpcf7-form-control-wrap\" data-name=\"Depositum\"><input size=\"40\" maxlength=\"400\" class=\"wpcf7-form-control wpcf7-text\" aria-invalid=\"false\" value=\"\" type=\"text\" name=\"Depositum\" \/><\/span> <\/label>\n\t\t\t<\/p>\n\t\t<\/div>\n\t<\/div>\n<hr \/>\n\t<div>\n\t\t<p>SP\u00d8RGSM\u00c5L 3\n\t\t<\/p>\n\t<\/div>\n\t<div>\n\t\t<div style=\"font-size: smaller;\">\n\t\t\t<p>Indast bel\u00f8bet p\u00e5 dit tilgodehavende p\u00e5 \"Den indvendige vedligeholdelseskonto\". Du f\u00e5r en gang \u00e5rligt en email fra dke@dke.dk hvor bel\u00f8bet oplyses. Hvis du ikke kan huske bel\u00f8bet eller finde oplysningerne kan du lade feltet forblive tomt.\n\t\t\t<\/p>\n\t\t\t<p><label> Tilgodehavende - indvendig vedligeholdelseskonto i kr.<br \/>\n<span class=\"wpcf7-form-control-wrap\" data-name=\"Vedligeholdkonto\"><input size=\"40\" maxlength=\"400\" class=\"wpcf7-form-control wpcf7-text\" aria-invalid=\"false\" value=\"\" type=\"text\" name=\"Vedligeholdkonto\" \/><\/span> <\/label>\n\t\t\t<\/p>\n\t\t<\/div>\n\t<\/div>\n<hr \/>\n\t<div style=\"width:100%;\">\n\t\t<div>\n\t\t\t<p>SP\u00d8RGSM\u00c5L 4\n\t\t\t<\/p>\n\t\t<\/div>\n\t\t<div style=\"color:blue;\">\n\t\t\t<h3>Har du r\u00e5d til at betale <strong>mere<\/strong> per m\u00e5ned i forhold til det du betaler i leje dag?\n\t\t\t<\/h3>\n\t\t<\/div>\n\t\t<div style=\"font-size: smaller;\">\n\t\t\t<p>1. Det kan v\u00e6re at du samlet set skal betale mere per m\u00e5ned. Realkreditinstituttet er interesseret i at vide om du har r\u00e5d til at betale mere i fast omkostning per m\u00e5ned end du g\u00f8r i dag.\n\t\t\t<\/p>\n\t\t<\/div>\n\t\t<div style=\"font-size: smaller;\">\n\t\t\t<p>2. Varme, el, internet er ikke medregnet.\n\t\t\t<\/p>\n\t\t<\/div>\n\t<\/div>\n\t<div>\n\t\t<p>Jeg har r\u00e5d til f\u00f8lgende merudgift per m\u00e5ned:\n\t\t<\/p>\n\t<\/div>\n\t<div style=\"width:100%;\">\n\t\t<p><span class=\"wpcf7-form-control-wrap\" data-name=\"merbetaling\"><span class=\"wpcf7-form-control wpcf7-radio\"><span class=\"wpcf7-list-item first\"><label><input type=\"radio\" name=\"merbetaling\" value=\"0\" checked=\"checked\" \/><span class=\"wpcf7-list-item-label\">0<\/span><\/label><\/span><span class=\"wpcf7-list-item\"><label><input type=\"radio\" name=\"merbetaling\" value=\"500\" \/><span class=\"wpcf7-list-item-label\">500<\/span><\/label><\/span><span class=\"wpcf7-list-item\"><label><input type=\"radio\" name=\"merbetaling\" value=\"1.000\" \/><span class=\"wpcf7-list-item-label\">1.000<\/span><\/label><\/span><span class=\"wpcf7-list-item\"><label><input type=\"radio\" name=\"merbetaling\" value=\"1.500\" \/><span class=\"wpcf7-list-item-label\">1.500<\/span><\/label><\/span><span class=\"wpcf7-list-item\"><label><input type=\"radio\" name=\"merbetaling\" value=\"2.000\" \/><span class=\"wpcf7-list-item-label\">2.000<\/span><\/label><\/span><span class=\"wpcf7-list-item\"><label><input type=\"radio\" name=\"merbetaling\" value=\"2.500\" \/><span class=\"wpcf7-list-item-label\">2.500<\/span><\/label><\/span><span class=\"wpcf7-list-item\"><label><input type=\"radio\" name=\"merbetaling\" value=\"3.000\" \/><span class=\"wpcf7-list-item-label\">3.000<\/span><\/label><\/span><span class=\"wpcf7-list-item\"><label><input type=\"radio\" name=\"merbetaling\" value=\"3.500\" \/><span class=\"wpcf7-list-item-label\">3.500<\/span><\/label><\/span><span class=\"wpcf7-list-item\"><label><input type=\"radio\" name=\"merbetaling\" value=\"4.000\" \/><span class=\"wpcf7-list-item-label\">4.000<\/span><\/label><\/span><span class=\"wpcf7-list-item\"><label><input type=\"radio\" name=\"merbetaling\" value=\"4.500\" \/><span class=\"wpcf7-list-item-label\">4.500<\/span><\/label><\/span><span class=\"wpcf7-list-item\"><label><input type=\"radio\" name=\"merbetaling\" value=\"5.000\" \/><span class=\"wpcf7-list-item-label\">5.000<\/span><\/label><\/span><span class=\"wpcf7-list-item\"><label><input type=\"radio\" name=\"merbetaling\" value=\"5.500\" \/><span class=\"wpcf7-list-item-label\">5.500<\/span><\/label><\/span><span class=\"wpcf7-list-item last\"><label><input type=\"radio\" name=\"merbetaling\" value=\"6.000\" \/><span class=\"wpcf7-list-item-label\">6.000<\/span><\/label><\/span><\/span><\/span>\n\t\t<\/p>\n\t<\/div>\n\t<div>\n\t\t<p><label> NAVN p\u00e5 lejer<br \/>\n<span class=\"wpcf7-form-control-wrap\" data-name=\"your-name\"><input size=\"40\" maxlength=\"400\" class=\"wpcf7-form-control wpcf7-text wpcf7-validates-as-required\" autocomplete=\"name\" aria-required=\"true\" aria-invalid=\"false\" value=\"\" type=\"text\" name=\"your-name\" \/><\/span> <\/label>\n\t\t<\/p>\n\t\t<p><label> Din e-mail<br \/>\n<span class=\"wpcf7-form-control-wrap\" data-name=\"your-email\"><input size=\"40\" maxlength=\"400\" class=\"wpcf7-form-control wpcf7-email wpcf7-validates-as-required wpcf7-text wpcf7-validates-as-email\" autocomplete=\"email\" aria-required=\"true\" aria-invalid=\"false\" value=\"\" type=\"email\" name=\"your-email\" \/><\/span> <\/label>\n\t\t<\/p>\n\t<\/div>\n\t<div style=\"background-color: LightGray;\">\n\t\t<p><label> Underskrift <\/label>\n\t\t<\/p>\n\t\t<p><strong>Underskriv med finger\/mus i det hvide felt forneden:<\/strong>\n\t\t<\/p>\n\t\t<p><span class=\"wpcf7-form-control-wrap wpcf7-sign-wrap underskrift\"><input class=\"wpcf7-form-control wpcf7-sign wpcf7-validates-as-required\" aria-required=\"true\" aria-invalid=\"false\" name=\"underskrift\" type=\"hidden\" \/>\n            <canvas style=\"display:block\" data-hidden=\"underskrift\" class=\"signature-pad\" width=400 height=200><\/canvas>\n            <button class=\"btn btn-primary cf7sg-sign\">Clear<\/button>\n        <\/span>\n\t\t<\/p>\n\t<\/div>\n<hr \/>\n\t<div>\n\t\t<p><input class=\"wpcf7-form-control wpcf7-submit has-spinner\" type=\"submit\" value=\"Send\" \/>\n\t\t<\/p>\n\t<\/div>\n\t<div style=\"font-size: smaller;\">\n\t\t<p>N\u00e5r du har trykket SEND g\u00e5r der et par minutter f\u00f8r du f\u00e5r en bekr\u00e6ftelse per email.\n\t\t<\/p>\n\t<\/div>\n\t<div>\n\t\t<p>*** Udfyld venligst formularet inden s\u00f8ndag den 05.11. kl. 23:00 ***\n\t\t<\/p>\n\t\t<p>>>> DU BINDER DIG IKKE TIL NOGET VED AT UDFYLDE FORMULARET <<<\n\t\t<\/p>\n\t\t<p><<< ALLE DATA ANONYMISERES! VI SLETTER ALLE DATA OM 10 DAGE >>>\n\t\t<\/p>\n\t<\/div>\n<\/div><div class=\"wpcf7-response-output\" aria-hidden=\"true\"><\/div>\n<\/form>\n<\/div>\n\n<\/div>\n","protected":false},"excerpt":{"rendered":"<p>Dato: 02-11-2023 Projektgruppen havde et opf\u00f8lgningsm\u00f8de med advokat Peter Skr\u00f8der Jacobsen den 01.11.2023 kl. 17:00 hos LokalBolig. Over 90% af lejerne er interesseret i at danne en andelsboligforening og dermed at k\u00f8be en andel. Det er meget flot. NYKREDIT er ved at beregne et l\u00e5neoverslag men har behov for at vide om du: * har [&hellip;]<\/p>\n","protected":false},"author":1,"featured_media":0,"parent":0,"menu_order":0,"comment_status":"closed","ping_status":"closed","template":"","meta":{"footnotes":""},"class_list":["post-2","page","type-page","status-publish","hentry"],"_links":{"self":[{"href":"https:\/\/alt-om-amager.dk\/index.php\/wp-json\/wp\/v2\/pages\/2","targetHints":{"allow":["GET"]}}],"collection":[{"href":"https:\/\/alt-om-amager.dk\/index.php\/wp-json\/wp\/v2\/pages"}],"about":[{"href":"https:\/\/alt-om-amager.dk\/index.php\/wp-json\/wp\/v2\/types\/page"}],"author":[{"embeddable":true,"href":"https:\/\/alt-om-amager.dk\/index.php\/wp-json\/wp\/v2\/users\/1"}],"replies":[{"embeddable":true,"href":"https:\/\/alt-om-amager.dk\/index.php\/wp-json\/wp\/v2\/comments?post=2"}],"version-history":[{"count":16,"href":"https:\/\/alt-om-amager.dk\/index.php\/wp-json\/wp\/v2\/pages\/2\/revisions"}],"predecessor-version":[{"id":42,"href":"https:\/\/alt-om-amager.dk\/index.php\/wp-json\/wp\/v2\/pages\/2\/revisions\/42"}],"wp:attachment":[{"href":"https:\/\/alt-om-amager.dk\/index.php\/wp-json\/wp\/v2\/media?parent=2"}],"curies":[{"name":"wp","href":"https:\/\/api.w.org\/{rel}","templated":true}]}}